
{"id":21895,"date":"2025-04-22T11:51:12","date_gmt":"2025-04-22T11:51:12","guid":{"rendered":"http:\/\/chaletsuizo.co\/alquilersuizo\/?page_id=21895"},"modified":"2025-04-28T16:01:54","modified_gmt":"2025-04-28T16:01:54","slug":"discoteca","status":"publish","type":"page","link":"https:\/\/chaletsuizo.co\/alquilersuizo\/discoteca\/","title":{"rendered":"DISCOTECA"},"content":{"rendered":"\t\t<div data-elementor-type=\"wp-page\" data-elementor-id=\"21895\" class=\"elementor elementor-21895\">\n\t\t\t\t\t\t<section class=\"elementor-section elementor-top-section elementor-element elementor-element-c1db89f elementor-section-boxed elementor-section-height-default elementor-section-height-default sc_fly_static\" data-id=\"c1db89f\" data-element_type=\"section\" data-e-type=\"section\" data-settings=\"{&quot;background_background&quot;:&quot;classic&quot;}\">\n\t\t\t\t\t\t<div class=\"elementor-container elementor-column-gap-extended\">\n\t\t\t\t\t<div class=\"elementor-column elementor-col-100 elementor-top-column elementor-element elementor-element-bb8cdbe sc_content_align_inherit sc_layouts_column_icons_position_left sc_fly_static\" data-id=\"bb8cdbe\" data-element_type=\"column\" data-e-type=\"column\">\n\t\t\t<div class=\"elementor-widget-wrap elementor-element-populated\">\n\t\t\t\t\t\t<div class=\"elementor-element elementor-element-ffb2532 sc_fly_static elementor-widget elementor-widget-trx_sc_price\" data-id=\"ffb2532\" data-element_type=\"widget\" data-e-type=\"widget\" data-widget_type=\"trx_sc_price.default\">\n\t\t\t\t<div class=\"elementor-widget-container\">\n\t\t\t\t\t<div  \r\n\tclass=\"sc_price sc_price_default\"><div class=\"sc_price_columns_wrap sc_item_columns trx_addons_columns_wrap columns_padding_bottom columns_in_single_row\"><div class=\"trx_addons_column-1_3\"><div class=\"sc_price_item sc_price_item_default with_image with_bg_color\" style=\"background-color:#DB9FC4;\">\r\n\t\t\t<div class=\"sc_price_item_label\">$ 650.000<\/div><div class=\"sc_price_item_inner\"><div class=\"sc_price_item_icon sc_price_item_icon_type_ icon-star-1\"\r\n\t\t\t\t\t\t\t\t\t\t\t\t><span class=\"sc_icon_type_ icon-star-1\"\r\n\t\t\t\t\t\t\t\t\t\t\t\t\t\t\t><\/span><\/div><div class=\"sc_price_item_info\"><h3 class=\"sc_price_item_title\"><span>SONIDO<\/span><\/h3><div class=\"sc_price_item_details\"><ul><li>2 Cabinas 400 watts<\/li><li>2 tripodes de cabina<\/li><li>1 set dj PC y controlador<\/li><li>DJ profesional Animador<\/li><li>Duraci\u00f3n 1 a 6 horas<\/li><\/ul><\/div><\/div><!-- \/.sc_price_item_info --><\/div><!-- \/.sc_price_item_inner --><a href=\"#\" class=\"sc_price_item_link sc_price_item_link_over\"><\/a><\/div><\/div><div class=\"trx_addons_column-1_3\"><div class=\"sc_price_item sc_price_item_default with_image with_bg_color\" style=\"background-color:#DB9FC4;\">\r\n\t\t\t<div class=\"sc_price_item_label\">$ 750.000<\/div><div class=\"sc_price_item_inner\"><div class=\"sc_price_item_icon sc_price_item_icon_type_ icon-star-empty\"\r\n\t\t\t\t\t\t\t\t\t\t\t\t><span class=\"sc_icon_type_ icon-star-empty\"\r\n\t\t\t\t\t\t\t\t\t\t\t\t\t\t\t><\/span><\/div><div class=\"sc_price_item_info\"><h3 class=\"sc_price_item_title\"><span>BASICO<\/span><\/h3><div class=\"sc_price_item_details\"><ul><li>2 Cabinas 400 watts<\/li><li>2 tripodes de cabina<\/li><li>1 set dj PC y controlador<\/li><li>DJ profesional Animador<\/li><li>ILUMINACI\u00d3N<\/li><li>2 Par LED de 1 watts<\/li><li>1 luz tipo hongo LED quess<\/li><li>1 l\u00e1ser azul doble boca<\/li><li>1 c\u00e1mara de humo<\/li><li>1 a 6 horas<\/li><\/ul><\/div><\/div><!-- \/.sc_price_item_info --><\/div><!-- \/.sc_price_item_inner --><a href=\"#\" class=\"sc_price_item_link sc_price_item_link_over\"><\/a><\/div><\/div><div class=\"trx_addons_column-1_3\"><div class=\"sc_price_item sc_price_item_default with_image with_bg_color\" style=\"background-color:#DB9FC4;\">\r\n\t\t\t<div class=\"sc_price_item_label\">$ 1.150.000<\/div><div class=\"sc_price_item_inner\"><div class=\"sc_price_item_icon sc_price_item_icon_type_ icon-star\"\r\n\t\t\t\t\t\t\t\t\t\t\t\t><span class=\"sc_icon_type_ icon-star\"\r\n\t\t\t\t\t\t\t\t\t\t\t\t\t\t\t><\/span><\/div><div class=\"sc_price_item_info\"><h3 class=\"sc_price_item_title\"><span>MIX PRO<\/span><\/h3><div class=\"sc_price_item_description\"><span>Some description text for this item<\/span><\/div><div class=\"sc_price_item_details\"><ul><li>2 Cabinas 400 watts<\/li><li>1 cabina dj iluminada<\/li><li>2 tripodes de cabina<\/li><li>DJ profesional Animador<\/li><li>ILUMINACI\u00d3N<\/li><li>4 par LED de 1 watts<\/li><li>2 spider rob\u00f3ticas LED<\/li><li>2 cabezas m\u00f3viles watch 3 watts<\/li><li>1 c\u00e1mara de humo<\/li><li>1 estructura tipo truss 3x3<\/li><li>MIX PRO<\/li><li>2 pantallas led 50\"<\/li><li>1 a 6 horas<\/li><li>Transporte en Bogot\u00e1<\/li><\/ul><\/div><\/div><!-- \/.sc_price_item_info --><\/div><!-- \/.sc_price_item_inner --><\/div><\/div><\/div><\/div><!-- \/.sc_price -->\t\t\t\t<\/div>\n\t\t\t\t<\/div>\n\t\t\t\t\t<\/div>\n\t\t<\/div>\n\t\t\t\t\t<\/div>\n\t\t<\/section>\n\t\t\t\t<section class=\"elementor-section elementor-top-section elementor-element elementor-element-5155d00 elementor-section-boxed elementor-section-height-default elementor-section-height-default sc_fly_static\" data-id=\"5155d00\" data-element_type=\"section\" data-e-type=\"section\">\n\t\t\t\t\t\t<div class=\"elementor-container elementor-column-gap-extended\">\n\t\t\t\t\t<div class=\"elementor-column elementor-col-100 elementor-top-column elementor-element elementor-element-d2d90fb sc_content_align_inherit sc_layouts_column_icons_position_left sc_fly_static\" data-id=\"d2d90fb\" data-element_type=\"column\" data-e-type=\"column\">\n\t\t\t<div class=\"elementor-widget-wrap elementor-element-populated\">\n\t\t\t\t\t\t<div class=\"elementor-element elementor-element-36a7c9b sc_fly_static elementor-widget elementor-widget-trx_sc_title\" data-id=\"36a7c9b\" data-element_type=\"widget\" data-e-type=\"widget\" data-widget_type=\"trx_sc_title.default\">\n\t\t\t\t<div class=\"elementor-widget-container\">\n\t\t\t\t\t<div\t\tclass=\"sc_title sc_title_default\" ><span class=\"sc_item_subtitle sc_title_subtitle sc_item_subtitle_above sc_item_title_style_default\">DISCOTECA<\/span><h1 class=\"sc_item_title sc_title_title sc_item_title_style_default sc_item_title_tag\"\r\n\t\t\t><span class=\"sc_item_title_text\">PISTA LED<\/span><\/h1><div class=\"sc_item_descr sc_title_descr\"><p>Transforma tu evento con nuestra pista LED, perfecta para crear una atm\u00f3sfera vibrante y moderna con luces din\u00e1micas y colores personalizables. Desde nuestra pista m\u00e1s amplia, que puede alojar hasta 180 personas, hasta la m\u00e1s \u00edntima para grupos de 20 a 30 personas, aseguramos una experiencia inolvidable para todos.<\/p>\n<\/div><\/div>\t\t\t\t<\/div>\n\t\t\t\t<\/div>\n\t\t\t\t\t<\/div>\n\t\t<\/div>\n\t\t\t\t\t<\/div>\n\t\t<\/section>\n\t\t\t\t<section class=\"elementor-section elementor-top-section elementor-element elementor-element-294226c elementor-section-boxed elementor-section-height-default elementor-section-height-default sc_fly_static\" data-id=\"294226c\" data-element_type=\"section\" data-e-type=\"section\">\n\t\t\t\t\t\t<div class=\"elementor-container elementor-column-gap-extended\">\n\t\t\t\t\t<div class=\"elementor-column elementor-col-50 elementor-top-column elementor-element elementor-element-5e3e8ab sc_content_align_inherit sc_layouts_column_icons_position_left sc_fly_static\" data-id=\"5e3e8ab\" data-element_type=\"column\" data-e-type=\"column\">\n\t\t\t<div class=\"elementor-widget-wrap elementor-element-populated\">\n\t\t\t\t\t\t<div class=\"elementor-element elementor-element-32d4614 sc_fly_static elementor-widget elementor-widget-image\" data-id=\"32d4614\" data-element_type=\"widget\" data-e-type=\"widget\" data-widget_type=\"image.default\">\n\t\t\t\t<div class=\"elementor-widget-container\">\n\t\t\t\t\t\t\t\t\t\t\t\t\t\t\t<img fetchpriority=\"high\" decoding=\"async\" width=\"756\" height=\"504\" src=\"https:\/\/chaletsuizo.co\/alquilersuizo\/wp-content\/uploads\/sites\/7\/2025\/04\/pist2.jpg\" class=\"attachment-large size-large wp-image-21898\" alt=\"\" srcset=\"https:\/\/chaletsuizo.co\/alquilersuizo\/wp-content\/uploads\/sites\/7\/2025\/04\/pist2.jpg 756w, https:\/\/chaletsuizo.co\/alquilersuizo\/wp-content\/uploads\/sites\/7\/2025\/04\/pist2-300x200.jpg 300w, https:\/\/chaletsuizo.co\/alquilersuizo\/wp-content\/uploads\/sites\/7\/2025\/04\/pist2-370x247.jpg 370w, https:\/\/chaletsuizo.co\/alquilersuizo\/wp-content\/uploads\/sites\/7\/2025\/04\/pist2-410x273.jpg 410w\" sizes=\"(max-width: 756px) 100vw, 756px\" \/>\t\t\t\t\t\t\t\t\t\t\t\t\t\t\t<\/div>\n\t\t\t\t<\/div>\n\t\t\t\t\t<\/div>\n\t\t<\/div>\n\t\t\t\t<div class=\"elementor-column elementor-col-50 elementor-top-column elementor-element elementor-element-b1bd04a sc_content_align_inherit sc_layouts_column_icons_position_left sc_fly_static\" data-id=\"b1bd04a\" data-element_type=\"column\" data-e-type=\"column\">\n\t\t\t<div class=\"elementor-widget-wrap elementor-element-populated\">\n\t\t\t\t\t\t<div class=\"elementor-element elementor-element-d78fc6d sc_fly_static elementor-widget elementor-widget-image\" data-id=\"d78fc6d\" data-element_type=\"widget\" data-e-type=\"widget\" data-widget_type=\"image.default\">\n\t\t\t\t<div class=\"elementor-widget-container\">\n\t\t\t\t\t\t\t\t\t\t\t\t\t\t\t<img decoding=\"async\" width=\"756\" height=\"504\" src=\"https:\/\/chaletsuizo.co\/alquilersuizo\/wp-content\/uploads\/sites\/7\/2025\/04\/pist1.jpg\" class=\"attachment-large size-large wp-image-21897\" alt=\"\" srcset=\"https:\/\/chaletsuizo.co\/alquilersuizo\/wp-content\/uploads\/sites\/7\/2025\/04\/pist1.jpg 756w, https:\/\/chaletsuizo.co\/alquilersuizo\/wp-content\/uploads\/sites\/7\/2025\/04\/pist1-300x200.jpg 300w, https:\/\/chaletsuizo.co\/alquilersuizo\/wp-content\/uploads\/sites\/7\/2025\/04\/pist1-370x247.jpg 370w, https:\/\/chaletsuizo.co\/alquilersuizo\/wp-content\/uploads\/sites\/7\/2025\/04\/pist1-410x273.jpg 410w\" sizes=\"(max-width: 756px) 100vw, 756px\" \/>\t\t\t\t\t\t\t\t\t\t\t\t\t\t\t<\/div>\n\t\t\t\t<\/div>\n\t\t\t\t\t<\/div>\n\t\t<\/div>\n\t\t\t\t\t<\/div>\n\t\t<\/section>\n\t\t\t\t<\/div>\n\t\t","protected":false},"excerpt":{"rendered":"<p>$ 650.000 SONIDO 2 Cabinas 400 watts 2 tripodes de cabina 1 set dj PC y controlador DJ profesional Animador Duraci\u00f3n 1 a 6 horas $ 750.000 BASICO 2 Cabinas&hellip;<\/p>\n","protected":false},"author":1,"featured_media":0,"parent":0,"menu_order":0,"comment_status":"closed","ping_status":"closed","template":"","meta":{"footnotes":""},"class_list":["post-21895","page","type-page","status-publish","hentry"],"_links":{"self":[{"href":"https:\/\/chaletsuizo.co\/alquilersuizo\/wp-json\/wp\/v2\/pages\/21895","targetHints":{"allow":["GET"]}}],"collection":[{"href":"https:\/\/chaletsuizo.co\/alquilersuizo\/wp-json\/wp\/v2\/pages"}],"about":[{"href":"https:\/\/chaletsuizo.co\/alquilersuizo\/wp-json\/wp\/v2\/types\/page"}],"author":[{"embeddable":true,"href":"https:\/\/chaletsuizo.co\/alquilersuizo\/wp-json\/wp\/v2\/users\/1"}],"replies":[{"embeddable":true,"href":"https:\/\/chaletsuizo.co\/alquilersuizo\/wp-json\/wp\/v2\/comments?post=21895"}],"version-history":[{"count":7,"href":"https:\/\/chaletsuizo.co\/alquilersuizo\/wp-json\/wp\/v2\/pages\/21895\/revisions"}],"predecessor-version":[{"id":21954,"href":"https:\/\/chaletsuizo.co\/alquilersuizo\/wp-json\/wp\/v2\/pages\/21895\/revisions\/21954"}],"wp:attachment":[{"href":"https:\/\/chaletsuizo.co\/alquilersuizo\/wp-json\/wp\/v2\/media?parent=21895"}],"curies":[{"name":"wp","href":"https:\/\/api.w.org\/{rel}","templated":true}]}}